{"id":9,"date":"2025-06-06T20:06:28","date_gmt":"2025-06-06T20:06:28","guid":{"rendered":"https:\/\/deliverybrazuca.online\/?page_id=9"},"modified":"2025-06-07T19:11:09","modified_gmt":"2025-06-07T19:11:09","slug":"elementor-9","status":"publish","type":"page","link":"https:\/\/deliverybrazuca.online\/","title":{"rendered":"Elementor #9"},"content":{"rendered":"\t\t<div data-elementor-type=\"wp-post\" data-elementor-id=\"9\" class=\"elementor elementor-9\" data-elementor-settings=\"{&quot;ha_cmc_init_switcher&quot;:&quot;no&quot;}\" data-elementor-post-type=\"page\">\n\t\t\t\t<div class=\"elementor-element elementor-element-23baf8a e-flex e-con-boxed e-con e-parent\" data-id=\"23baf8a\" data-element_type=\"container\" data-settings=\"{&quot;background_background&quot;:&quot;classic&quot;,&quot;_ha_eqh_enable&quot;:false}\">\n\t\t\t\t\t<div class=\"e-con-inner\">\n\t\t\t\t\t<\/div>\n\t\t\t\t<\/div>\n\t\t<div class=\"elementor-element elementor-element-9c864d4 e-flex e-con-boxed e-con e-parent\" data-id=\"9c864d4\" data-element_type=\"container\" data-settings=\"{&quot;_ha_eqh_enable&quot;:false}\">\n\t\t\t\t\t<div class=\"e-con-inner\">\n\t\t\t\t<div class=\"elementor-element elementor-element-6bfe2d6 elementor-widget elementor-widget-image\" data-id=\"6bfe2d6\" data-element_type=\"widget\" data-widget_type=\"image.default\">\n\t\t\t\t<div class=\"elementor-widget-container\">\n\t\t\t\t\t\t\t\t\t\t\t\t\t\t\t<img fetchpriority=\"high\" decoding=\"async\" width=\"400\" height=\"400\" src=\"https:\/\/deliverybrazuca.online\/wp-content\/uploads\/2025\/06\/vovo.jpg\" class=\"attachment-large size-large wp-image-15\" alt=\"\" srcset=\"https:\/\/deliverybrazuca.online\/wp-content\/uploads\/2025\/06\/vovo.jpg 400w, https:\/\/deliverybrazuca.online\/wp-content\/uploads\/2025\/06\/vovo-300x300.jpg 300w, https:\/\/deliverybrazuca.online\/wp-content\/uploads\/2025\/06\/vovo-150x150.jpg 150w\" sizes=\"(max-width: 400px) 100vw, 400px\" \/>\t\t\t\t\t\t\t\t\t\t\t\t\t\t\t<\/div>\n\t\t\t\t<\/div>\n\t\t\t\t\t<\/div>\n\t\t\t\t<\/div>\n\t\t<div class=\"elementor-element elementor-element-f3c461c e-flex e-con-boxed e-con e-parent\" data-id=\"f3c461c\" data-element_type=\"container\" data-settings=\"{&quot;_ha_eqh_enable&quot;:false}\">\n\t\t\t\t\t<div class=\"e-con-inner\">\n\t\t\t\t<div class=\"elementor-element elementor-element-3c32114 elementor-widget elementor-widget-heading\" data-id=\"3c32114\" data-element_type=\"widget\" data-widget_type=\"heading.default\">\n\t\t\t\t<div class=\"elementor-widget-container\">\n\t\t\t\t\t<h2 class=\"elementor-heading-title elementor-size-default\">Seja bem vindo!<\/h2>\t\t\t\t<\/div>\n\t\t\t\t<\/div>\n\t\t\t\t<div class=\"elementor-element elementor-element-7dd0960 elementor-widget elementor-widget-text-editor\" data-id=\"7dd0960\" data-element_type=\"widget\" data-widget_type=\"text-editor.default\">\n\t\t\t\t<div class=\"elementor-widget-container\">\n\t\t\t\t\t\t\t\t\t<p data-start=\"151\" data-end=\"205\"><strong data-start=\"151\" data-end=\"198\">Fog\u00e3o Brazuca \u2013 A Melhor Marmita do Brasil!<\/strong> \ud83c\udde7\ud83c\uddf7\ud83c\udf5b<\/p><p data-start=\"207\" data-end=\"937\">Se tem uma coisa que a gente entende, \u00e9 de comida boa! No Fog\u00e3o Brazuca, nossa miss\u00e3o \u00e9 levar sabor, praticidade e aquele gostinho de comida caseira para o seu dia, a qualquer hora.<br data-start=\"388\" data-end=\"391\" \/>\u2800<br data-start=\"392\" data-end=\"395\" \/>\ud83c\udfc6 Reconhecidos como a Melhor Marmita do Brasil, somos apaixonados por servir refei\u00e7\u00f5es de qualidade, quentinhas e com ingredientes selecionados.<br data-start=\"540\" data-end=\"543\" \/>\u2800<br data-start=\"544\" data-end=\"547\" data-is-only-node=\"\" \/>\u23f0 Fome n\u00e3o tem hora, e a gente sabe disso! Por isso, nosso atendimento \u00e9 24 horas, todos os dias da semana. Seja de madrugada, no almo\u00e7o ou depois do treino, pode contar com a gente.<br data-start=\"729\" data-end=\"732\" \/>\u2800<br data-start=\"733\" data-end=\"736\" \/>\ud83d\udccdTem sempre um delivery pertinho de voc\u00ea, pronto para entregar rapidinho.<br data-start=\"810\" data-end=\"813\" \/>\u2800<br data-start=\"814\" data-end=\"817\" \/>\ud83d\udcf2 J\u00e1 t\u00e1 com fome? Ent\u00e3o n\u00e3o perde tempo. Fa\u00e7a seu pedido agora e descubra por que o Brasil inteiro ama o Fog\u00e3o Brazuca!<\/p>\t\t\t\t\t\t\t\t<\/div>\n\t\t\t\t<\/div>\n\t\t\t\t\t<\/div>\n\t\t\t\t<\/div>\n\t\t<div class=\"elementor-element elementor-element-57882e3 e-flex e-con-boxed e-con e-parent\" data-id=\"57882e3\" data-element_type=\"container\" data-settings=\"{&quot;_ha_eqh_enable&quot;:false}\">\n\t\t\t\t\t<div class=\"e-con-inner\">\n\t\t\t\t<div class=\"elementor-element elementor-element-bd42aca elementor-mobile-align-justify elementor-widget elementor-widget-button\" data-id=\"bd42aca\" data-element_type=\"widget\" data-widget_type=\"button.default\">\n\t\t\t\t<div class=\"elementor-widget-container\">\n\t\t\t\t\t\t\t\t\t<div class=\"elementor-button-wrapper\">\n\t\t\t\t\t<a class=\"elementor-button elementor-button-link elementor-size-sm\" href=\"http:\/\/deliverybrazuca.online\/01\">\n\t\t\t\t\t\t<span class=\"elementor-button-content-wrapper\">\n\t\t\t\t\t\t\t\t\t<span class=\"elementor-button-text\">Pe\u00e7a Agora<\/span>\n\t\t\t\t\t<\/span>\n\t\t\t\t\t<\/a>\n\t\t\t\t<\/div>\n\t\t\t\t\t\t\t\t<\/div>\n\t\t\t\t<\/div>\n\t\t\t\t<div class=\"elementor-element elementor-element-36027cc elementor-widget-divider--view-line elementor-widget elementor-widget-divider\" data-id=\"36027cc\" data-element_type=\"widget\" data-widget_type=\"divider.default\">\n\t\t\t\t<div class=\"elementor-widget-container\">\n\t\t\t\t\t\t\t<div class=\"elementor-divider\">\n\t\t\t<span class=\"elementor-divider-separator\">\n\t\t\t\t\t\t<\/span>\n\t\t<\/div>\n\t\t\t\t\t\t<\/div>\n\t\t\t\t<\/div>\n\t\t\t\t<div class=\"elementor-element elementor-element-274402a elementor-mobile-align-justify elementor-widget elementor-widget-button\" data-id=\"274402a\" data-element_type=\"widget\" data-widget_type=\"button.default\">\n\t\t\t\t<div class=\"elementor-widget-container\">\n\t\t\t\t\t\t\t\t\t<div class=\"elementor-button-wrapper\">\n\t\t\t\t\t<a class=\"elementor-button elementor-button-link elementor-size-sm\" href=\"http:\/\/deliverybrazuca.online\/rastreio\">\n\t\t\t\t\t\t<span class=\"elementor-button-content-wrapper\">\n\t\t\t\t\t\t\t\t\t<span class=\"elementor-button-text\">Rastrear meu pedido<\/span>\n\t\t\t\t\t<\/span>\n\t\t\t\t\t<\/a>\n\t\t\t\t<\/div>\n\t\t\t\t\t\t\t\t<\/div>\n\t\t\t\t<\/div>\n\t\t\t\t<div class=\"elementor-element elementor-element-4a6d366 elementor-widget elementor-widget-text-editor\" data-id=\"4a6d366\" data-element_type=\"widget\" data-widget_type=\"text-editor.default\">\n\t\t\t\t<div class=\"elementor-widget-container\">\n\t\t\t\t\t\t\t\t\t<p>Pol\u00edtica de Privacidade I Termos e Condi\u00e7\u00f5es\u00a0<\/p>\t\t\t\t\t\t\t\t<\/div>\n\t\t\t\t<\/div>\n\t\t\t\t\t<\/div>\n\t\t\t\t<\/div>\n\t\t\t\t<\/div>\n\t\t","protected":false},"excerpt":{"rendered":"<p>Seja bem vindo! Fog\u00e3o Brazuca \u2013 A Melhor Marmita do Brasil! &#x1f1e7;&#x1f1f7;&#x1f35b; Se tem uma coisa que a gente entende, \u00e9 de comida boa! No Fog\u00e3o Brazuca, nossa miss\u00e3o \u00e9 levar sabor, praticidade e aquele gostinho de comida caseira para o seu dia, a qualquer hora.\u2800&#x1f3c6; Reconhecidos como a Melhor Marmita do Brasil, somos apaixonados [&hellip;]<\/p>\n","protected":false},"author":1,"featured_media":0,"parent":0,"menu_order":0,"comment_status":"closed","ping_status":"closed","template":"elementor_canvas","meta":{"footnotes":""},"class_list":["post-9","page","type-page","status-publish","hentry"],"_links":{"self":[{"href":"https:\/\/deliverybrazuca.online\/wp-json\/wp\/v2\/pages\/9","targetHints":{"allow":["GET"]}}],"collection":[{"href":"https:\/\/deliverybrazuca.online\/wp-json\/wp\/v2\/pages"}],"about":[{"href":"https:\/\/deliverybrazuca.online\/wp-json\/wp\/v2\/types\/page"}],"author":[{"embeddable":true,"href":"https:\/\/deliverybrazuca.online\/wp-json\/wp\/v2\/users\/1"}],"replies":[{"embeddable":true,"href":"https:\/\/deliverybrazuca.online\/wp-json\/wp\/v2\/comments?post=9"}],"version-history":[{"count":16,"href":"https:\/\/deliverybrazuca.online\/wp-json\/wp\/v2\/pages\/9\/revisions"}],"predecessor-version":[{"id":49,"href":"https:\/\/deliverybrazuca.online\/wp-json\/wp\/v2\/pages\/9\/revisions\/49"}],"wp:attachment":[{"href":"https:\/\/deliverybrazuca.online\/wp-json\/wp\/v2\/media?parent=9"}],"curies":[{"name":"wp","href":"https:\/\/api.w.org\/{rel}","templated":true}]}}